{"id":1174,"date":"2023-09-11T13:24:46","date_gmt":"2023-09-11T11:24:46","guid":{"rendered":"https:\/\/credo-pr.ch\/ueber-uns\/"},"modified":"2026-01-07T06:56:25","modified_gmt":"2026-01-07T05:56:25","slug":"ueber-uns","status":"publish","type":"page","link":"https:\/\/credo-pr.ch\/de\/ueber-uns\/","title":{"rendered":"\u00fcber uns"},"content":{"rendered":"\t\t<div data-elementor-type=\"wp-page\" data-elementor-id=\"1174\" class=\"elementor elementor-1174 elementor-22\" data-elementor-post-type=\"page\">\n\t\t\t\t<div class=\"elementor-element elementor-element-10280bc padlr e-flex e-con-boxed e-con e-parent\" data-id=\"10280bc\" data-element_type=\"container\" data-e-type=\"container\" data-settings=\"{&quot;background_background&quot;:&quot;classic&quot;}\">\n\t\t\t\t\t<div class=\"e-con-inner\">\n\t\t<div class=\"elementor-element elementor-element-ac07119 e-con-full e-flex e-con e-child\" data-id=\"ac07119\" data-element_type=\"container\" data-e-type=\"container\">\n\t\t\t\t<div class=\"elementor-element elementor-element-5fba7dc elementor-widget elementor-widget-heading\" data-id=\"5fba7dc\" data-element_type=\"widget\" data-e-type=\"widget\" data-widget_type=\"heading.default\">\n\t\t\t\t<div class=\"elementor-widget-container\">\n\t\t\t\t\t<h3 class=\"elementor-heading-title elementor-size-default\">\u00fcber uns<\/h3>\t\t\t\t<\/div>\n\t\t\t\t<\/div>\n\t\t\t\t<div class=\"elementor-element elementor-element-0c89a1f elementor-widget elementor-widget-heading\" data-id=\"0c89a1f\" data-element_type=\"widget\" data-e-type=\"widget\" data-widget_type=\"heading.default\">\n\t\t\t\t<div class=\"elementor-widget-container\">\n\t\t\t\t\t<h2 class=\"elementor-heading-title elementor-size-default\">Wir m\u00f6chten zu einer <em class=\"animated-text\">ges\u00fcnderen Welt<\/em> beitragen.<\/h2>\t\t\t\t<\/div>\n\t\t\t\t<\/div>\n\t\t\t\t<\/div>\n\t\t<div class=\"elementor-element elementor-element-298bc65 e-con-full elementor-hidden-tablet elementor-hidden-mobile e-flex e-con e-child\" data-id=\"298bc65\" data-element_type=\"container\" data-e-type=\"container\">\n\t\t\t\t<\/div>\n\t\t\t\t\t<\/div>\n\t\t\t\t<\/div>\n\t\t<div class=\"elementor-element elementor-element-b8b65de padlr e-flex e-con-boxed e-con e-parent\" data-id=\"b8b65de\" data-element_type=\"container\" data-e-type=\"container\">\n\t\t\t\t\t<div class=\"e-con-inner\">\n\t\t<div class=\"elementor-element elementor-element-12dd332 e-con-full e-flex e-con e-child\" data-id=\"12dd332\" data-element_type=\"container\" data-e-type=\"container\" data-settings=\"{&quot;background_background&quot;:&quot;classic&quot;}\">\n\t\t\t\t<div class=\"elementor-element elementor-element-815a238 image-scroll-left elementor-widget elementor-widget-image\" data-id=\"815a238\" data-element_type=\"widget\" data-e-type=\"widget\" data-widget_type=\"image.default\">\n\t\t\t\t<div class=\"elementor-widget-container\">\n\t\t\t\t\t\t\t\t\t\t\t\t\t\t\t<img fetchpriority=\"high\" decoding=\"async\" width=\"800\" height=\"800\" src=\"https:\/\/credo-pr.ch\/wp-content\/smush-avif\/2024\/09\/Thost-Susanne-1024x1024.jpg.avif\" class=\"attachment-large size-large wp-image-1280\" alt=\"Susanne Thost\" srcset=\"https:\/\/credo-pr.ch\/wp-content\/smush-avif\/2024\/09\/Thost-Susanne-1024x1024.jpg.avif 1024w, https:\/\/credo-pr.ch\/wp-content\/smush-avif\/2024\/09\/Thost-Susanne-300x300.jpg.avif 300w, https:\/\/credo-pr.ch\/wp-content\/smush-avif\/2024\/09\/Thost-Susanne-150x150.jpg.avif 150w, https:\/\/credo-pr.ch\/wp-content\/smush-avif\/2024\/09\/Thost-Susanne-768x768.jpg.avif 768w, https:\/\/credo-pr.ch\/wp-content\/smush-avif\/2024\/09\/Thost-Susanne-1536x1536.jpg.avif 1536w, https:\/\/credo-pr.ch\/wp-content\/smush-avif\/2024\/09\/Thost-Susanne.jpg.avif 1600w\" sizes=\"(max-width: 800px) 100vw, 800px\" \/>\t\t\t\t\t\t\t\t\t\t\t\t\t\t\t<\/div>\n\t\t\t\t<\/div>\n\t\t\t\t<\/div>\n\t\t<div class=\"elementor-element elementor-element-3b01176 e-con-full e-flex e-con e-child\" data-id=\"3b01176\" data-element_type=\"container\" data-e-type=\"container\">\n\t\t<div class=\"elementor-element elementor-element-6d2023d e-flex e-con-boxed e-con e-child\" data-id=\"6d2023d\" data-element_type=\"container\" data-e-type=\"container\">\n\t\t\t\t\t<div class=\"e-con-inner\">\n\t\t\t\t<div class=\"elementor-element elementor-element-c707bf2 elementor-widget elementor-widget-heading\" data-id=\"c707bf2\" data-element_type=\"widget\" data-e-type=\"widget\" data-widget_type=\"heading.default\">\n\t\t\t\t<div class=\"elementor-widget-container\">\n\t\t\t\t\t<h2 class=\"elementor-heading-title elementor-size-default\">Susanne Thost<\/h2>\t\t\t\t<\/div>\n\t\t\t\t<\/div>\n\t\t\t\t<div class=\"elementor-element elementor-element-1409d40 elementor-widget elementor-widget-text-editor\" data-id=\"1409d40\" data-element_type=\"widget\" data-e-type=\"widget\" data-widget_type=\"text-editor.default\">\n\t\t\t\t<div class=\"elementor-widget-container\">\n\t\t\t\t\t\t\t\t\t<p><strong>Co-Founder &amp; CEO, Project Lead\u00a0<\/strong><\/p><p>Susanne ist Expertin f\u00fcr Gesundheitskommunikation mit tiefer Branchenkenntnis und langj\u00e4hriger Erfahrung in der Schweiz. Als treibende Kraft leitet sie Projekte und Kampagnen, die Wirkung entfalten und im Gesundheitssektor nachhaltig etwas bewegen.<\/p>\t\t\t\t\t\t\t\t<\/div>\n\t\t\t\t<\/div>\n\t\t\t\t<div class=\"elementor-element elementor-element-4ae1443 e-grid-align-left elementor-shape-rounded elementor-grid-0 elementor-widget elementor-widget-social-icons\" data-id=\"4ae1443\" data-element_type=\"widget\" data-e-type=\"widget\" data-widget_type=\"social-icons.default\">\n\t\t\t\t<div class=\"elementor-widget-container\">\n\t\t\t\t\t\t\t<div class=\"elementor-social-icons-wrapper elementor-grid\">\n\t\t\t\t\t\t\t<span class=\"elementor-grid-item\">\n\t\t\t\t\t<a class=\"elementor-icon elementor-social-icon elementor-social-icon-linkedin elementor-repeater-item-80b219b\" href=\"https:\/\/www.linkedin.com\/in\/susanne-thost\/\" target=\"_blank\">\n\t\t\t\t\t\t<span class=\"elementor-screen-only\">Linkedin<\/span>\n\t\t\t\t\t\t<i aria-hidden=\"true\" class=\"fab fa-linkedin\"><\/i>\t\t\t\t\t<\/a>\n\t\t\t\t<\/span>\n\t\t\t\t\t<\/div>\n\t\t\t\t\t\t<\/div>\n\t\t\t\t<\/div>\n\t\t\t\t\t<\/div>\n\t\t\t\t<\/div>\n\t\t\t\t<\/div>\n\t\t\t\t\t<\/div>\n\t\t\t\t<\/div>\n\t\t<div class=\"elementor-element elementor-element-97d86d1 padlr e-flex e-con-boxed e-con e-parent\" data-id=\"97d86d1\" data-element_type=\"container\" data-e-type=\"container\">\n\t\t\t\t\t<div class=\"e-con-inner\">\n\t\t<div class=\"elementor-element elementor-element-9d8d92a e-con-full e-flex e-con e-child\" data-id=\"9d8d92a\" data-element_type=\"container\" data-e-type=\"container\">\n\t\t<div class=\"elementor-element elementor-element-dedc6e3 e-flex e-con-boxed e-con e-child\" data-id=\"dedc6e3\" data-element_type=\"container\" data-e-type=\"container\">\n\t\t\t\t\t<div class=\"e-con-inner\">\n\t\t\t\t<div class=\"elementor-element elementor-element-894dfd8 elementor-widget elementor-widget-heading\" data-id=\"894dfd8\" data-element_type=\"widget\" data-e-type=\"widget\" data-widget_type=\"heading.default\">\n\t\t\t\t<div class=\"elementor-widget-container\">\n\t\t\t\t\t<h2 class=\"elementor-heading-title elementor-size-default\">Marco Dal Molin<\/h2>\t\t\t\t<\/div>\n\t\t\t\t<\/div>\n\t\t\t\t<div class=\"elementor-element elementor-element-408e785 elementor-widget elementor-widget-text-editor\" data-id=\"408e785\" data-element_type=\"widget\" data-e-type=\"widget\" data-widget_type=\"text-editor.default\">\n\t\t\t\t<div class=\"elementor-widget-container\">\n\t\t\t\t\t\t\t\t\t<p><strong>Co-Founder &amp; CEO, Project Lead<\/strong><\/p><p>Marco ist spezialisiert auf die Analyse und Interpretation wissenschaftlicher Daten und \u00fcbersetzt diese in klare, zielgruppengerechte Kommunikation. Als Ingenieur und zertifizierter Coach f\u00fcr agiles Arbeiten sorgt er f\u00fcr Struktur und Pr\u00e4zision in jedem Projekt.<\/p>\t\t\t\t\t\t\t\t<\/div>\n\t\t\t\t<\/div>\n\t\t\t\t<div class=\"elementor-element elementor-element-02a25f3 e-grid-align-left elementor-shape-rounded elementor-grid-0 elementor-widget elementor-widget-social-icons\" data-id=\"02a25f3\" data-element_type=\"widget\" data-e-type=\"widget\" data-widget_type=\"social-icons.default\">\n\t\t\t\t<div class=\"elementor-widget-container\">\n\t\t\t\t\t\t\t<div class=\"elementor-social-icons-wrapper elementor-grid\">\n\t\t\t\t\t\t\t<span class=\"elementor-grid-item\">\n\t\t\t\t\t<a class=\"elementor-icon elementor-social-icon elementor-social-icon-linkedin elementor-repeater-item-80b219b\" href=\"https:\/\/www.linkedin.com\/in\/marcod12\/\" target=\"_blank\">\n\t\t\t\t\t\t<span class=\"elementor-screen-only\">Linkedin<\/span>\n\t\t\t\t\t\t<i aria-hidden=\"true\" class=\"fab fa-linkedin\"><\/i>\t\t\t\t\t<\/a>\n\t\t\t\t<\/span>\n\t\t\t\t\t<\/div>\n\t\t\t\t\t\t<\/div>\n\t\t\t\t<\/div>\n\t\t\t\t\t<\/div>\n\t\t\t\t<\/div>\n\t\t\t\t<\/div>\n\t\t<div class=\"elementor-element elementor-element-5f022bb e-con-full e-flex e-con e-child\" data-id=\"5f022bb\" data-element_type=\"container\" data-e-type=\"container\" data-settings=\"{&quot;background_background&quot;:&quot;classic&quot;}\">\n\t\t\t\t<div class=\"elementor-element elementor-element-2fc12f6 image-scroll-right elementor-widget elementor-widget-image\" data-id=\"2fc12f6\" data-element_type=\"widget\" data-e-type=\"widget\" data-widget_type=\"image.default\">\n\t\t\t\t<div class=\"elementor-widget-container\">\n\t\t\t\t\t\t\t\t\t\t\t\t\t\t\t<img decoding=\"async\" width=\"800\" height=\"800\" src=\"https:\/\/credo-pr.ch\/wp-content\/smush-avif\/2023\/09\/Credo_Dal-Molin-Marco_047_quadrat-1024x1024.jpg.avif\" class=\"attachment-large size-large wp-image-980\" alt=\"\" srcset=\"https:\/\/credo-pr.ch\/wp-content\/smush-avif\/2023\/09\/Credo_Dal-Molin-Marco_047_quadrat-1024x1024.jpg.avif 1024w, https:\/\/credo-pr.ch\/wp-content\/smush-avif\/2023\/09\/Credo_Dal-Molin-Marco_047_quadrat-300x300.jpg.avif 300w, https:\/\/credo-pr.ch\/wp-content\/smush-avif\/2023\/09\/Credo_Dal-Molin-Marco_047_quadrat-150x150.jpg.avif 150w, https:\/\/credo-pr.ch\/wp-content\/smush-avif\/2023\/09\/Credo_Dal-Molin-Marco_047_quadrat-768x768.jpg.avif 768w, https:\/\/credo-pr.ch\/wp-content\/smush-avif\/2023\/09\/Credo_Dal-Molin-Marco_047_quadrat-1536x1536.jpg.avif 1536w, https:\/\/credo-pr.ch\/wp-content\/smush-avif\/2023\/09\/Credo_Dal-Molin-Marco_047_quadrat-2048x2048.jpg.avif 2048w\" sizes=\"(max-width: 800px) 100vw, 800px\" \/>\t\t\t\t\t\t\t\t\t\t\t\t\t\t\t<\/div>\n\t\t\t\t<\/div>\n\t\t\t\t<\/div>\n\t\t\t\t\t<\/div>\n\t\t\t\t<\/div>\n\t\t<div class=\"elementor-element elementor-element-5dc8be7 padlr e-flex e-con-boxed e-con e-parent\" data-id=\"5dc8be7\" data-element_type=\"container\" data-e-type=\"container\">\n\t\t\t\t\t<div class=\"e-con-inner\">\n\t\t<div class=\"elementor-element elementor-element-fdbada4 e-con-full e-flex e-con e-child\" data-id=\"fdbada4\" data-element_type=\"container\" data-e-type=\"container\" data-settings=\"{&quot;background_background&quot;:&quot;classic&quot;}\">\n\t\t\t\t<div class=\"elementor-element elementor-element-fa9d2cb image-scroll-left elementor-widget elementor-widget-image\" data-id=\"fa9d2cb\" data-element_type=\"widget\" data-e-type=\"widget\" data-widget_type=\"image.default\">\n\t\t\t\t<div class=\"elementor-widget-container\">\n\t\t\t\t\t\t\t\t\t\t\t\t\t\t\t<img decoding=\"async\" width=\"800\" height=\"800\" src=\"https:\/\/credo-pr.ch\/wp-content\/smush-avif\/2026\/01\/Kristen-Coros-Portrait-1024x1024.png.avif\" class=\"attachment-large size-large wp-image-1619\" alt=\"Portrait Kristen Coros\" srcset=\"https:\/\/credo-pr.ch\/wp-content\/smush-avif\/2026\/01\/Kristen-Coros-Portrait-1024x1024.png.avif 1024w, https:\/\/credo-pr.ch\/wp-content\/smush-avif\/2026\/01\/Kristen-Coros-Portrait-300x300.png.avif 300w, https:\/\/credo-pr.ch\/wp-content\/smush-avif\/2026\/01\/Kristen-Coros-Portrait-150x150.png.avif 150w, https:\/\/credo-pr.ch\/wp-content\/smush-avif\/2026\/01\/Kristen-Coros-Portrait-768x768.png.avif 768w, https:\/\/credo-pr.ch\/wp-content\/smush-avif\/2026\/01\/Kristen-Coros-Portrait-1536x1536.png.avif 1536w, https:\/\/credo-pr.ch\/wp-content\/smush-avif\/2026\/01\/Kristen-Coros-Portrait.png.avif 1600w\" sizes=\"(max-width: 800px) 100vw, 800px\" \/>\t\t\t\t\t\t\t\t\t\t\t\t\t\t\t<\/div>\n\t\t\t\t<\/div>\n\t\t\t\t<\/div>\n\t\t<div class=\"elementor-element elementor-element-b7edcb6 e-con-full e-flex e-con e-child\" data-id=\"b7edcb6\" data-element_type=\"container\" data-e-type=\"container\">\n\t\t<div class=\"elementor-element elementor-element-39004ee e-flex e-con-boxed e-con e-child\" data-id=\"39004ee\" data-element_type=\"container\" data-e-type=\"container\">\n\t\t\t\t\t<div class=\"e-con-inner\">\n\t\t\t\t<div class=\"elementor-element elementor-element-ed6d86c elementor-widget elementor-widget-heading\" data-id=\"ed6d86c\" data-element_type=\"widget\" data-e-type=\"widget\" data-widget_type=\"heading.default\">\n\t\t\t\t<div class=\"elementor-widget-container\">\n\t\t\t\t\t<h2 class=\"elementor-heading-title elementor-size-default\">Kristen Coros<\/h2>\t\t\t\t<\/div>\n\t\t\t\t<\/div>\n\t\t\t\t<div class=\"elementor-element elementor-element-2ba691f elementor-widget elementor-widget-text-editor\" data-id=\"2ba691f\" data-element_type=\"widget\" data-e-type=\"widget\" data-widget_type=\"text-editor.default\">\n\t\t\t\t<div class=\"elementor-widget-container\">\n\t\t\t\t\t\t\t\t\t<p><strong>Senior Medical Advisor<\/strong><\/p><p>Kristen ist Spezialistin f\u00fcr exzellente wissenschaftliche Kommunikation. Mit ihrem Hintergrund in Gesundheitswissenschaften, Psychologie und klinischer Forschung bereitet sie wissenschaftliche Inhalte pr\u00e4zise und wirkungsvoll f\u00fcr unterschiedliche Zielgruppen auf.<\/p>\t\t\t\t\t\t\t\t<\/div>\n\t\t\t\t<\/div>\n\t\t\t\t<div class=\"elementor-element elementor-element-ffe8047 e-grid-align-left elementor-shape-rounded elementor-grid-0 elementor-widget elementor-widget-social-icons\" data-id=\"ffe8047\" data-element_type=\"widget\" data-e-type=\"widget\" data-widget_type=\"social-icons.default\">\n\t\t\t\t<div class=\"elementor-widget-container\">\n\t\t\t\t\t\t\t<div class=\"elementor-social-icons-wrapper elementor-grid\">\n\t\t\t\t\t\t\t<span class=\"elementor-grid-item\">\n\t\t\t\t\t<a class=\"elementor-icon elementor-social-icon elementor-social-icon-linkedin elementor-repeater-item-80b219b\" href=\"https:\/\/www.linkedin.com\/in\/kristen-coros\/\" target=\"_blank\">\n\t\t\t\t\t\t<span class=\"elementor-screen-only\">Linkedin<\/span>\n\t\t\t\t\t\t<i aria-hidden=\"true\" class=\"fab fa-linkedin\"><\/i>\t\t\t\t\t<\/a>\n\t\t\t\t<\/span>\n\t\t\t\t\t<\/div>\n\t\t\t\t\t\t<\/div>\n\t\t\t\t<\/div>\n\t\t\t\t\t<\/div>\n\t\t\t\t<\/div>\n\t\t\t\t<\/div>\n\t\t\t\t\t<\/div>\n\t\t\t\t<\/div>\n\t\t<div class=\"elementor-element elementor-element-4a1cbf2 padlr e-flex e-con-boxed e-con e-parent\" data-id=\"4a1cbf2\" data-element_type=\"container\" data-e-type=\"container\" data-settings=\"{&quot;background_background&quot;:&quot;classic&quot;}\">\n\t\t\t\t\t<div class=\"e-con-inner\">\n\t\t\t\t<div class=\"elementor-element elementor-element-f062b0d elementor-widget elementor-widget-heading\" data-id=\"f062b0d\" data-element_type=\"widget\" data-e-type=\"widget\" data-widget_type=\"heading.default\">\n\t\t\t\t<div class=\"elementor-widget-container\">\n\t\t\t\t\t<h2 class=\"elementor-heading-title elementor-size-default\">Unser \u201eUSP\u201c<\/h2>\t\t\t\t<\/div>\n\t\t\t\t<\/div>\n\t\t<div class=\"elementor-element elementor-element-dd7dc6f e-flex e-con-boxed e-con e-child\" data-id=\"dd7dc6f\" data-element_type=\"container\" data-e-type=\"container\">\n\t\t\t\t\t<div class=\"e-con-inner\">\n\t\t\t\t<div class=\"elementor-element elementor-element-66b7134 elementor-widget__width-initial elementor-widget-mobile__width-initial elementor-widget elementor-widget-text-editor\" data-id=\"66b7134\" data-element_type=\"widget\" data-e-type=\"widget\" data-widget_type=\"text-editor.default\">\n\t\t\t\t<div class=\"elementor-widget-container\">\n\t\t\t\t\t\t\t\t\t<p><span style=\"text-decoration: underline;\"><strong>Umfassende Marktkenntnisse<\/strong><\/span><\/p>\n\t\t\t\t\t\t\t\t<\/div>\n\t\t\t\t<\/div>\n\t\t\t\t<div class=\"elementor-element elementor-element-d2653d3 elementor-widget elementor-widget-text-editor\" data-id=\"d2653d3\" data-element_type=\"widget\" data-e-type=\"widget\" data-widget_type=\"text-editor.default\">\n\t\t\t\t<div class=\"elementor-widget-container\">\n\t\t\t\t\t\t\t\t\t<p>Unser umfassendes Wissen \u00fcber den Schweizer Gesundheitssektor, die Medienlandschaft und die Kommunikation in Verbindung mit unserer Expertise in der Erstellung von Inhalten stellt sicher, dass Ihre Botschaft das Zielpublikum erreicht.<\/p>\n\t\t\t\t\t\t\t\t<\/div>\n\t\t\t\t<\/div>\n\t\t\t\t\t<\/div>\n\t\t\t\t<\/div>\n\t\t<div class=\"elementor-element elementor-element-e0a3fa5 e-flex e-con-boxed e-con e-child\" data-id=\"e0a3fa5\" data-element_type=\"container\" data-e-type=\"container\">\n\t\t\t\t\t<div class=\"e-con-inner\">\n\t\t\t\t<div class=\"elementor-element elementor-element-adc992a elementor-widget__width-initial elementor-widget-mobile__width-initial elementor-widget elementor-widget-text-editor\" data-id=\"adc992a\" data-element_type=\"widget\" data-e-type=\"widget\" data-widget_type=\"text-editor.default\">\n\t\t\t\t<div class=\"elementor-widget-container\">\n\t\t\t\t\t\t\t\t\t<p><span style=\"text-decoration: underline;\"><strong>Disease background<\/strong><\/span><\/p>\n\t\t\t\t\t\t\t\t<\/div>\n\t\t\t\t<\/div>\n\t\t\t\t<div class=\"elementor-element elementor-element-132b12b elementor-widget elementor-widget-text-editor\" data-id=\"132b12b\" data-element_type=\"widget\" data-e-type=\"widget\" data-widget_type=\"text-editor.default\">\n\t\t\t\t<div class=\"elementor-widget-container\">\n\t\t\t\t\t\t\t\t\t<p>Wir unterst\u00fctzen Kunden in verschiedenen medizinischen Bereichen, darunter Onkologie, Infektiologie, Immunologie und Stoffwechselerkrankungen.<\/p>\n\t\t\t\t\t\t\t\t<\/div>\n\t\t\t\t<\/div>\n\t\t\t\t\t<\/div>\n\t\t\t\t<\/div>\n\t\t<div class=\"elementor-element elementor-element-9aa3243 e-flex e-con-boxed e-con e-child\" data-id=\"9aa3243\" data-element_type=\"container\" data-e-type=\"container\">\n\t\t\t\t\t<div class=\"e-con-inner\">\n\t\t\t\t<div class=\"elementor-element elementor-element-f679e1f elementor-widget__width-initial elementor-widget-mobile__width-initial elementor-widget elementor-widget-text-editor\" data-id=\"f679e1f\" data-element_type=\"widget\" data-e-type=\"widget\" data-widget_type=\"text-editor.default\">\n\t\t\t\t<div class=\"elementor-widget-container\">\n\t\t\t\t\t\t\t\t\t<p><b><u>Mehrsprachige Exzellenz<\/u><\/b><\/p>\n\t\t\t\t\t\t\t\t<\/div>\n\t\t\t\t<\/div>\n\t\t\t\t<div class=\"elementor-element elementor-element-348a9eb elementor-widget elementor-widget-text-editor\" data-id=\"348a9eb\" data-element_type=\"widget\" data-e-type=\"widget\" data-widget_type=\"text-editor.default\">\n\t\t\t\t<div class=\"elementor-widget-container\">\n\t\t\t\t\t\t\t\t\t<p>Unser multikultureller Hintergrund erm\u00f6glicht es uns, qualitativ hochwertige Inhalte in mehreren Sprachen zu erstellen, Sprachbarrieren zu \u00fcberwinden und eine konsistente Wortwahl zu gew\u00e4hrleisten.<\/p>\n\t\t\t\t\t\t\t\t<\/div>\n\t\t\t\t<\/div>\n\t\t\t\t\t<\/div>\n\t\t\t\t<\/div>\n\t\t<div class=\"elementor-element elementor-element-538f800 e-flex e-con-boxed e-con e-child\" data-id=\"538f800\" data-element_type=\"container\" data-e-type=\"container\">\n\t\t\t\t\t<div class=\"e-con-inner\">\n\t\t\t\t<div class=\"elementor-element elementor-element-4b9c40f elementor-widget__width-initial elementor-widget-mobile__width-initial elementor-widget elementor-widget-text-editor\" data-id=\"4b9c40f\" data-element_type=\"widget\" data-e-type=\"widget\" data-widget_type=\"text-editor.default\">\n\t\t\t\t<div class=\"elementor-widget-container\">\n\t\t\t\t\t\t\t\t\t<p><b><u>Arbeitsweise<\/u><\/b><\/p>\n\t\t\t\t\t\t\t\t<\/div>\n\t\t\t\t<\/div>\n\t\t\t\t<div class=\"elementor-element elementor-element-220dd07 elementor-widget elementor-widget-text-editor\" data-id=\"220dd07\" data-element_type=\"widget\" data-e-type=\"widget\" data-widget_type=\"text-editor.default\">\n\t\t\t\t<div class=\"elementor-widget-container\">\n\t\t\t\t\t\t\t\t\t<p>Agiles Arbeiten ist tief in unserer Arbeitskultur verankert. Mit Zertifizierungen in den Bereichen Kommunikation, SAFe SPC, IPMA, Six-Sigma und Digitales Marketing liefern wir p\u00fcnktlich und in h\u00f6chster Qualit\u00e4t. <\/p>\n\t\t\t\t\t\t\t\t<\/div>\n\t\t\t\t<\/div>\n\t\t\t\t\t<\/div>\n\t\t\t\t<\/div>\n\t\t\t\t\t<\/div>\n\t\t\t\t<\/div>\n\t\t<div class=\"elementor-element elementor-element-fb10e6e padlr e-flex e-con-boxed e-con e-parent\" data-id=\"fb10e6e\" data-element_type=\"container\" data-e-type=\"container\">\n\t\t\t\t\t<div class=\"e-con-inner\">\n\t\t<div class=\"elementor-element elementor-element-cddbf94 e-con-full e-flex e-con e-child\" data-id=\"cddbf94\" data-element_type=\"container\" data-e-type=\"container\">\n\t\t\t\t<div class=\"elementor-element elementor-element-76fa24e elementor-widget elementor-widget-text-editor\" data-id=\"76fa24e\" data-element_type=\"widget\" data-e-type=\"widget\" data-widget_type=\"text-editor.default\">\n\t\t\t\t<div class=\"elementor-widget-container\">\n\t\t\t\t\t\t\t\t\t<p>F\u00fcr uns ist Arbeit mehr als ein Job \u2013 es ist unsere <em class=\"animated-text\">Leidenschaft<\/em>.<\/p>\n\t\t\t\t\t\t\t\t<\/div>\n\t\t\t\t<\/div>\n\t\t\t\t<\/div>\n\t\t<div class=\"elementor-element elementor-element-97dafdb e-con-full elementor-hidden-tablet elementor-hidden-mobile e-flex e-con e-child\" data-id=\"97dafdb\" data-element_type=\"container\" data-e-type=\"container\">\n\t\t\t\t<\/div>\n\t\t\t\t\t<\/div>\n\t\t\t\t<\/div>\n\t\t<div class=\"elementor-element elementor-element-46daf07 padlr e-flex e-con-boxed e-con e-parent\" data-id=\"46daf07\" data-element_type=\"container\" data-e-type=\"container\">\n\t\t\t\t\t<div class=\"e-con-inner\">\n\t\t\t\t\t<\/div>\n\t\t\t\t<\/div>\n\t\t\t\t<\/div>\n\t\t","protected":false},"excerpt":{"rendered":"<p>\u00fcber uns Wir m\u00f6chten zu einer ges\u00fcnderen Welt beitragen. Susanne Thost Co-Founder &amp; CEO, Project Lead\u00a0 Susanne ist Expertin f\u00fcr Gesundheitskommunikation mit tiefer Branchenkenntnis und langj\u00e4hriger Erfahrung in der Schweiz. Als treibende Kraft leitet sie Projekte und Kampagnen, die Wirkung entfalten und im Gesundheitssektor nachhaltig etwas bewegen. Linkedin Marco Dal Molin Co-Founder &amp; CEO, Project [&hellip;]<\/p>\n","protected":false},"author":1,"featured_media":986,"parent":0,"menu_order":0,"comment_status":"closed","ping_status":"closed","template":"","meta":{"_acf_changed":false,"footnotes":""},"class_list":["post-1174","page","type-page","status-publish","has-post-thumbnail","hentry"],"acf":[],"_links":{"self":[{"href":"https:\/\/credo-pr.ch\/de\/wp-json\/wp\/v2\/pages\/1174","targetHints":{"allow":["GET"]}}],"collection":[{"href":"https:\/\/credo-pr.ch\/de\/wp-json\/wp\/v2\/pages"}],"about":[{"href":"https:\/\/credo-pr.ch\/de\/wp-json\/wp\/v2\/types\/page"}],"author":[{"embeddable":true,"href":"https:\/\/credo-pr.ch\/de\/wp-json\/wp\/v2\/users\/1"}],"replies":[{"embeddable":true,"href":"https:\/\/credo-pr.ch\/de\/wp-json\/wp\/v2\/comments?post=1174"}],"version-history":[{"count":30,"href":"https:\/\/credo-pr.ch\/de\/wp-json\/wp\/v2\/pages\/1174\/revisions"}],"predecessor-version":[{"id":1650,"href":"https:\/\/credo-pr.ch\/de\/wp-json\/wp\/v2\/pages\/1174\/revisions\/1650"}],"wp:featuredmedia":[{"embeddable":true,"href":"https:\/\/credo-pr.ch\/de\/wp-json\/wp\/v2\/media\/986"}],"wp:attachment":[{"href":"https:\/\/credo-pr.ch\/de\/wp-json\/wp\/v2\/media?parent=1174"}],"curies":[{"name":"wp","href":"https:\/\/api.w.org\/{rel}","templated":true}]}}