{"id":1170,"date":"2023-09-11T13:25:29","date_gmt":"2023-09-11T11:25:29","guid":{"rendered":"https:\/\/credo-pr.ch\/datenschutz\/"},"modified":"2025-01-07T23:01:12","modified_gmt":"2025-01-07T22:01:12","slug":"datenschutz","status":"publish","type":"page","link":"https:\/\/credo-pr.ch\/de\/datenschutz\/","title":{"rendered":"Datenschutz"},"content":{"rendered":"\t\t<div data-elementor-type=\"wp-page\" data-elementor-id=\"1170\" class=\"elementor elementor-1170 elementor-29\" data-elementor-post-type=\"page\">\n\t\t\t\t<div class=\"elementor-element elementor-element-3a483da e-flex e-con-boxed e-con e-parent\" data-id=\"3a483da\" data-element_type=\"container\" data-e-type=\"container\" data-settings=\"{&quot;background_background&quot;:&quot;classic&quot;}\">\n\t\t\t\t\t<div class=\"e-con-inner\">\n\t\t<div class=\"elementor-element elementor-element-84176a9 e-con-full e-flex e-con e-child\" data-id=\"84176a9\" data-element_type=\"container\" data-e-type=\"container\">\n\t\t\t\t<div class=\"elementor-element elementor-element-f3f47c9 elementor-widget elementor-widget-heading\" data-id=\"f3f47c9\" data-element_type=\"widget\" data-e-type=\"widget\" data-widget_type=\"heading.default\">\n\t\t\t\t<div class=\"elementor-widget-container\">\n\t\t\t\t\t<h3 class=\"elementor-heading-title elementor-size-default\">Datenschutz<\/h3>\t\t\t\t<\/div>\n\t\t\t\t<\/div>\n\t\t\t\t<\/div>\n\t\t<div class=\"elementor-element elementor-element-7922081 e-con-full e-flex e-con e-child\" data-id=\"7922081\" data-element_type=\"container\" data-e-type=\"container\">\n\t\t\t\t<\/div>\n\t\t\t\t\t<\/div>\n\t\t\t\t<\/div>\n\t\t<div class=\"elementor-element elementor-element-b4670be e-flex e-con-boxed e-con e-parent\" data-id=\"b4670be\" data-element_type=\"container\" data-e-type=\"container\">\n\t\t\t\t\t<div class=\"e-con-inner\">\n\t\t<div class=\"elementor-element elementor-element-9d35ba2 e-con-full e-flex e-con e-child\" data-id=\"9d35ba2\" data-element_type=\"container\" data-e-type=\"container\">\n\t\t\t\t<div class=\"elementor-element elementor-element-37a6b0d elementor-widget elementor-widget-heading\" data-id=\"37a6b0d\" data-element_type=\"widget\" data-e-type=\"widget\" data-widget_type=\"heading.default\">\n\t\t\t\t<div class=\"elementor-widget-container\">\n\t\t\t\t\t<h3 class=\"elementor-heading-title elementor-size-default\">1. Worum geht es in dieser Datenschutzerkl\u00e4rung?<\/h3>\t\t\t\t<\/div>\n\t\t\t\t<\/div>\n\t\t\t\t<div class=\"elementor-element elementor-element-b65e062 elementor-widget elementor-widget-text-editor\" data-id=\"b65e062\" data-element_type=\"widget\" data-e-type=\"widget\" data-widget_type=\"text-editor.default\">\n\t\t\t\t<div class=\"elementor-widget-container\">\n\t\t\t\t\t\t\t\t\t<p>In dieser Datenschutzerkl\u00e4rung beschreibt die Credo GmbH PR  Communications (im Folgenden \u201eCredo\u201c oder \u201ewir\u201c), wie wir Ihre Daten im Zusammenhang mit der Nutzung unserer Websites oder auf andere Weise, z. B. per E-Mail, verarbeiten. Wenn Sie Fragen haben, z\u00f6gern Sie bitte nicht, uns zu kontaktieren (siehe Abschnitt 2). <\/p>\n\t\t\t\t\t\t\t\t<\/div>\n\t\t\t\t<\/div>\n\t\t\t\t<div class=\"elementor-element elementor-element-70c50d2 elementor-widget elementor-widget-spacer\" data-id=\"70c50d2\" data-element_type=\"widget\" data-e-type=\"widget\" data-widget_type=\"spacer.default\">\n\t\t\t\t<div class=\"elementor-widget-container\">\n\t\t\t\t\t\t\t<div class=\"elementor-spacer\">\n\t\t\t<div class=\"elementor-spacer-inner\"><\/div>\n\t\t<\/div>\n\t\t\t\t\t\t<\/div>\n\t\t\t\t<\/div>\n\t\t\t\t<div class=\"elementor-element elementor-element-e57f897 elementor-widget elementor-widget-heading\" data-id=\"e57f897\" data-element_type=\"widget\" data-e-type=\"widget\" data-widget_type=\"heading.default\">\n\t\t\t\t<div class=\"elementor-widget-container\">\n\t\t\t\t\t<h4 class=\"elementor-heading-title elementor-size-default\">2. Umgang mit personenbezogenen Daten<\/h4>\t\t\t\t<\/div>\n\t\t\t\t<\/div>\n\t\t\t\t<div class=\"elementor-element elementor-element-4e2f640 elementor-widget elementor-widget-text-editor\" data-id=\"4e2f640\" data-element_type=\"widget\" data-e-type=\"widget\" data-widget_type=\"text-editor.default\">\n\t\t\t\t<div class=\"elementor-widget-container\">\n\t\t\t\t\t\t\t\t\t<p>Wir sind f\u00fcr die Datenverarbeitung gem\u00e4ss dieser Datenschutzerkl\u00e4rung verantwortlich. Wenn Sie Fragen haben, schreiben Sie uns an folgende Adresse: <\/p>\n<p>Credo GmbH<br>PR  Communications<br>B\u00e4umlis\u00e4cherstrasse 41 <br>CH-8907 Wettswil<br>Email: contact@credo-pr.ch<\/p>\t\t\t\t\t\t\t\t<\/div>\n\t\t\t\t<\/div>\n\t\t\t\t<div class=\"elementor-element elementor-element-231c79b elementor-widget elementor-widget-spacer\" data-id=\"231c79b\" data-element_type=\"widget\" data-e-type=\"widget\" data-widget_type=\"spacer.default\">\n\t\t\t\t<div class=\"elementor-widget-container\">\n\t\t\t\t\t\t\t<div class=\"elementor-spacer\">\n\t\t\t<div class=\"elementor-spacer-inner\"><\/div>\n\t\t<\/div>\n\t\t\t\t\t\t<\/div>\n\t\t\t\t<\/div>\n\t\t\t\t<div class=\"elementor-element elementor-element-4505414 elementor-widget elementor-widget-heading\" data-id=\"4505414\" data-element_type=\"widget\" data-e-type=\"widget\" data-widget_type=\"heading.default\">\n\t\t\t\t<div class=\"elementor-widget-container\">\n\t\t\t\t\t<h4 class=\"elementor-heading-title elementor-size-default\">3. Welche Daten verarbeiten wir?<\/h4>\t\t\t\t<\/div>\n\t\t\t\t<\/div>\n\t\t\t\t<div class=\"elementor-element elementor-element-b0c3973 elementor-widget elementor-widget-heading\" data-id=\"b0c3973\" data-element_type=\"widget\" data-e-type=\"widget\" data-widget_type=\"heading.default\">\n\t\t\t\t<div class=\"elementor-widget-container\">\n\t\t\t\t\t<h4 class=\"elementor-heading-title elementor-size-default\">Zugriffsdaten \/ Server-Logdateien<\/h4>\t\t\t\t<\/div>\n\t\t\t\t<\/div>\n\t\t\t\t<div class=\"elementor-element elementor-element-d766fe7 elementor-widget elementor-widget-text-editor\" data-id=\"d766fe7\" data-element_type=\"widget\" data-e-type=\"widget\" data-widget_type=\"text-editor.default\">\n\t\t\t\t<div class=\"elementor-widget-container\">\n\t\t\t\t\t\t\t\t\t<p>Der Host der Seiten erhebt und speichert automatisch Informationen in sogenannten Server-Logdateien, die Ihr Browser automatisch an uns \u00fcbermittelt. Zu den Zugriffsdaten geh\u00f6ren: <\/p>\n<ul>\n<li>IP-Adresse des zugreifenden Ger\u00e4ts<\/li>\n<li>Datum und Uhrzeit des Zugriffs<\/li>\n<li>Aufgerufene URL<\/li>\n<li>Zugriffsstatus\/HTTP-Statuscode<\/li>\n<li>Falls vorhanden, der Referrer (verweisende Seite)<\/li>\n<li>\u00dcbertragene Datenmenge w\u00e4hrend des Zugriffs<\/li>\n<li>Browserkennung (Browsername und Version)<\/li>\n<\/ul>\n<p>Wir k\u00f6nnen die Logdaten nur f\u00fcr statistische Auswertungen zum Zweck des Betriebs, der Sicherheit und der Optimierung verwenden. Der Host beh\u00e4lt sich jedoch das Recht vor, die Logdaten nachtr\u00e4glich zu \u00fcberpr\u00fcfen, wenn aufgrund konkreter Anhaltspunkte der berechtigte Verdacht einer rechtswidrigen Nutzung besteht. <\/p>\n\t\t\t\t\t\t\t\t<\/div>\n\t\t\t\t<\/div>\n\t\t\t\t<div class=\"elementor-element elementor-element-e9adab9 elementor-widget elementor-widget-spacer\" data-id=\"e9adab9\" data-element_type=\"widget\" data-e-type=\"widget\" data-widget_type=\"spacer.default\">\n\t\t\t\t<div class=\"elementor-widget-container\">\n\t\t\t\t\t\t\t<div class=\"elementor-spacer\">\n\t\t\t<div class=\"elementor-spacer-inner\"><\/div>\n\t\t<\/div>\n\t\t\t\t\t\t<\/div>\n\t\t\t\t<\/div>\n\t\t\t\t<div class=\"elementor-element elementor-element-be815a9 elementor-widget elementor-widget-heading\" data-id=\"be815a9\" data-element_type=\"widget\" data-e-type=\"widget\" data-widget_type=\"heading.default\">\n\t\t\t\t<div class=\"elementor-widget-container\">\n\t\t\t\t\t<h4 class=\"elementor-heading-title elementor-size-default\">Personenbezogene Daten<\/h4>\t\t\t\t<\/div>\n\t\t\t\t<\/div>\n\t\t\t\t<div class=\"elementor-element elementor-element-10a5b12 elementor-widget elementor-widget-text-editor\" data-id=\"10a5b12\" data-element_type=\"widget\" data-e-type=\"widget\" data-widget_type=\"text-editor.default\">\n\t\t\t\t<div class=\"elementor-widget-container\">\n\t\t\t\t\t\t\t\t\t<p>Wir k\u00f6nnen auf verschiedene Weise personenbezogene Daten direkt von Einzelpersonen erhalten, z. B. wenn jemand uns eine E-Mail schreibt, uns eine Visitenkarte \u00fcberreicht, an von uns veranstalteten Meetings oder Events teilnimmt, unsere R\u00e4umlichkeiten besucht, sich auf offene Stellen bewirbt oder einen Vertrag mit uns abschliesst.<\/p>\n<p>Personenbezogene Daten werden nur erhoben, genutzt und gespeichert, wenn dies gesetzlich zul\u00e4ssig ist.<\/p>\n<p>Auf unserem Webserver werden keine personenbezogenen Daten gespeichert.<\/p>\n<p>Wir verwenden, erheben, verarbeiten und speichern Ihre personenbezogenen Daten nur f\u00fcr die Zwecke, f\u00fcr die Sie sie uns zur Verf\u00fcgung gestellt haben. Ihre personenbezogenen Daten werden ohne Ihre ausdr\u00fcckliche Zustimmung nicht an Dritte weitergegeben, es sei denn, dies ist zur Erbringung der Dienstleistung oder zur Vertragserf\u00fcllung erforderlich. Auch die \u00dcbermittlung an staatliche Einrichtungen und Beh\u00f6rden, die auskunftsberechtigt sind, erfolgt nur im Rahmen der gesetzlichen Auskunftspflichten oder wenn wir gesetzlich zur Auskunft verpflichtet sind.  <\/p>\n<p>Wir haben technische und organisatorische Sicherheitsmassnahmen getroffen, um Ihre personenbezogenen Daten vor Verlust, Zerst\u00f6rung, Manipulation und unbefugtem Zugriff zu sch\u00fctzen. Unsere Sicherheitsmassnahmen werden entsprechend der technologischen Entwicklung kontinuierlich \u00fcberpr\u00fcft und optimiert. <\/p>\n<p>Wir nehmen auch den unternehmensinternen Datenschutz sehr ernst. Unsere Mitarbeiter und die von uns beauftragten Dienstleistungsunternehmen sind von uns zur Vertraulichkeit und zur Einhaltung der datenschutzrechtlichen Bestimmungen verpflichtet. <\/p>\n\t\t\t\t\t\t\t\t<\/div>\n\t\t\t\t<\/div>\n\t\t\t\t<div class=\"elementor-element elementor-element-b0b2b9f elementor-widget elementor-widget-spacer\" data-id=\"b0b2b9f\" data-element_type=\"widget\" data-e-type=\"widget\" data-widget_type=\"spacer.default\">\n\t\t\t\t<div class=\"elementor-widget-container\">\n\t\t\t\t\t\t\t<div class=\"elementor-spacer\">\n\t\t\t<div class=\"elementor-spacer-inner\"><\/div>\n\t\t<\/div>\n\t\t\t\t\t\t<\/div>\n\t\t\t\t<\/div>\n\t\t\t\t<div class=\"elementor-element elementor-element-3e85194 elementor-widget elementor-widget-heading\" data-id=\"3e85194\" data-element_type=\"widget\" data-e-type=\"widget\" data-widget_type=\"heading.default\">\n\t\t\t\t<div class=\"elementor-widget-container\">\n\t\t\t\t\t<h4 class=\"elementor-heading-title elementor-size-default\">4. Nutzung von Drittanbieterdiensten und -inhalten<\/h4>\t\t\t\t<\/div>\n\t\t\t\t<\/div>\n\t\t\t\t<div class=\"elementor-element elementor-element-1bff80a elementor-widget elementor-widget-text-editor\" data-id=\"1bff80a\" data-element_type=\"widget\" data-e-type=\"widget\" data-widget_type=\"text-editor.default\">\n\t\t\t\t<div class=\"elementor-widget-container\">\n\t\t\t\t\t\t\t\t\t<p>Es kann vorkommen, dass innerhalb dieses Online-Angebots Inhalte Dritter, wie z.B. Videos von YouTube, Karten von Google Maps, RSS-Feeds oder Grafiken von anderen Websites, eingebunden werden. Dies setzt immer voraus, dass die Anbieter dieser Inhalte (nachfolgend \u201eDrittanbieter\u201c genannt) die IP-Adresse der Nutzer wahrnehmen. Ohne die IP-Adresse k\u00f6nnten sie die Inhalte nicht an den Browser des jeweiligen Nutzers senden. Die IP-Adresse ist damit f\u00fcr die Darstellung dieser Inhalte erforderlich. Wir bem\u00fchen uns, nur solche Inhalte zu verwenden, deren jeweilige Anbieter die IP-Adresse lediglich zur Auslieferung der Inhalte verwenden. Wir haben jedoch keinen Einfluss darauf, wenn die Drittanbieter die IP-Adresse z.B. f\u00fcr statistische Zwecke speichern. Soweit uns dies bekannt ist, kl\u00e4ren wir die Nutzer dar\u00fcber auf.      <\/p>\n\t\t\t\t\t\t\t\t<\/div>\n\t\t\t\t<\/div>\n\t\t\t\t<div class=\"elementor-element elementor-element-5d4ab8e elementor-widget elementor-widget-spacer\" data-id=\"5d4ab8e\" data-element_type=\"widget\" data-e-type=\"widget\" data-widget_type=\"spacer.default\">\n\t\t\t\t<div class=\"elementor-widget-container\">\n\t\t\t\t\t\t\t<div class=\"elementor-spacer\">\n\t\t\t<div class=\"elementor-spacer-inner\"><\/div>\n\t\t<\/div>\n\t\t\t\t\t\t<\/div>\n\t\t\t\t<\/div>\n\t\t\t\t<div class=\"elementor-element elementor-element-70cc5f5 elementor-widget elementor-widget-heading\" data-id=\"70cc5f5\" data-element_type=\"widget\" data-e-type=\"widget\" data-widget_type=\"heading.default\">\n\t\t\t\t<div class=\"elementor-widget-container\">\n\t\t\t\t\t<h3 class=\"elementor-heading-title elementor-size-default\">5. Verwendung von Cookies<\/h3>\t\t\t\t<\/div>\n\t\t\t\t<\/div>\n\t\t\t\t<div class=\"elementor-element elementor-element-a9276f5 elementor-widget elementor-widget-text-editor\" data-id=\"a9276f5\" data-element_type=\"widget\" data-e-type=\"widget\" data-widget_type=\"text-editor.default\">\n\t\t\t\t<div class=\"elementor-widget-container\">\n\t\t\t\t\t\t\t\t\t<p>Um Ihren Besuch auf der Website attraktiv zu gestalten und die Nutzung bestimmter Funktionen zu erm\u00f6glichen, k\u00f6nnen auf verschiedenen Seiten sogenannte Cookies verwendet werden. Sie k\u00f6nnen Ihren Browser so einstellen, dass Sie \u00fcber das Setzen von Cookies informiert werden und selbst entscheiden, ob Sie diese annehmen oder die Annahme von Cookies generell ausschliessen. Wir weisen darauf hin, dass ohne Cookies die Funktionalit\u00e4t und der Nutzungskomfort der Website eingeschr\u00e4nkt sein k\u00f6nnen.  <\/p>\n\t\t\t\t\t\t\t\t<\/div>\n\t\t\t\t<\/div>\n\t\t\t\t<div class=\"elementor-element elementor-element-fe76cfb elementor-widget elementor-widget-spacer\" data-id=\"fe76cfb\" data-element_type=\"widget\" data-e-type=\"widget\" data-widget_type=\"spacer.default\">\n\t\t\t\t<div class=\"elementor-widget-container\">\n\t\t\t\t\t\t\t<div class=\"elementor-spacer\">\n\t\t\t<div class=\"elementor-spacer-inner\"><\/div>\n\t\t<\/div>\n\t\t\t\t\t\t<\/div>\n\t\t\t\t<\/div>\n\t\t\t\t<div class=\"elementor-element elementor-element-82f12ce elementor-widget elementor-widget-heading\" data-id=\"82f12ce\" data-element_type=\"widget\" data-e-type=\"widget\" data-widget_type=\"heading.default\">\n\t\t\t\t<div class=\"elementor-widget-container\">\n\t\t\t\t\t<h3 class=\"elementor-heading-title elementor-size-default\">6. Verwendung von Matomo<\/h3>\t\t\t\t<\/div>\n\t\t\t\t<\/div>\n\t\t\t\t<div class=\"elementor-element elementor-element-d3350ca elementor-widget elementor-widget-text-editor\" data-id=\"d3350ca\" data-element_type=\"widget\" data-e-type=\"widget\" data-widget_type=\"text-editor.default\">\n\t\t\t\t<div class=\"elementor-widget-container\">\n\t\t\t\t\t\t\t\t\t<p>Diese Website nutzt Matomo f\u00fcr Webanalysedienste. Daten werden nicht mit Dritten (z.B. Google) geteilt und vollst\u00e4ndig im Besitz von Credo gehalten. <\/p>\n<p>Daten werden ohne die Verwendung von Cookies gesammelt und nur zur Messung der Website-Performance verwendet.<\/p>\n<p>Weitere Informationen zu Matomo finden Sie unter <a href=\"https:\/\/matomo.org\/\" target=\"_blank\" rel=\"noopener\">https:\/\/matomo.org\/<\/a><\/p>\n\t\t\t\t\t\t\t\t<\/div>\n\t\t\t\t<\/div>\n\t\t\t\t<div class=\"elementor-element elementor-element-a543702 elementor-widget elementor-widget-spacer\" data-id=\"a543702\" data-element_type=\"widget\" data-e-type=\"widget\" data-widget_type=\"spacer.default\">\n\t\t\t\t<div class=\"elementor-widget-container\">\n\t\t\t\t\t\t\t<div class=\"elementor-spacer\">\n\t\t\t<div class=\"elementor-spacer-inner\"><\/div>\n\t\t<\/div>\n\t\t\t\t\t\t<\/div>\n\t\t\t\t<\/div>\n\t\t\t\t<div class=\"elementor-element elementor-element-c714ed3 elementor-widget elementor-widget-heading\" data-id=\"c714ed3\" data-element_type=\"widget\" data-e-type=\"widget\" data-widget_type=\"heading.default\">\n\t\t\t\t<div class=\"elementor-widget-container\">\n\t\t\t\t\t<h3 class=\"elementor-heading-title elementor-size-default\">7. Auskunfts- und Widerrufsrecht<\/h3>\t\t\t\t<\/div>\n\t\t\t\t<\/div>\n\t\t\t\t<div class=\"elementor-element elementor-element-ca057fd elementor-widget elementor-widget-text-editor\" data-id=\"ca057fd\" data-element_type=\"widget\" data-e-type=\"widget\" data-widget_type=\"text-editor.default\">\n\t\t\t\t<div class=\"elementor-widget-container\">\n\t\t\t\t\t\t\t\t\t<p>Sie erhalten jederzeit kostenlos Auskunft \u00fcber die bei uns gespeicherten Daten, ohne dass Sie Gr\u00fcnde angeben m\u00fcssen. Sie k\u00f6nnen Ihre bei uns erhobenen Daten jederzeit sperren, berichtigen oder l\u00f6schen lassen und der anonymisierten oder pseudonymisierten Datenerhebung und -speicherung zu Optimierungszwecken unserer Website widersprechen. Sie k\u00f6nnen auch Ihre Einwilligung zur Datenerhebung und -nutzung jederzeit ohne Angabe von Gr\u00fcnden widerrufen. Bitte kontaktieren Sie uns hierzu unter der Adresse in Abschnitt 2.   <\/p>\n<p><em>Wettswil, 21.09.2023<\/em><\/p>\n\t\t\t\t\t\t\t\t<\/div>\n\t\t\t\t<\/div>\n\t\t\t\t<\/div>\n\t\t\t\t\t<\/div>\n\t\t\t\t<\/div>\n\t\t\t\t<\/div>\n\t\t","protected":false},"excerpt":{"rendered":"<p>Datenschutz 1. Worum geht es in dieser Datenschutzerkl\u00e4rung? In dieser Datenschutzerkl\u00e4rung beschreibt die Credo GmbH PR Communications (im Folgenden \u201eCredo\u201c oder \u201ewir\u201c), wie wir Ihre Daten im Zusammenhang mit der Nutzung unserer Websites oder auf andere Weise, z. B. per E-Mail, verarbeiten. Wenn Sie Fragen haben, z\u00f6gern Sie bitte nicht, uns zu kontaktieren (siehe Abschnitt [&hellip;]<\/p>\n","protected":false},"author":1,"featured_media":986,"parent":0,"menu_order":0,"comment_status":"closed","ping_status":"closed","template":"","meta":{"_acf_changed":false,"footnotes":""},"class_list":["post-1170","page","type-page","status-publish","has-post-thumbnail","hentry"],"acf":[],"_links":{"self":[{"href":"https:\/\/credo-pr.ch\/de\/wp-json\/wp\/v2\/pages\/1170","targetHints":{"allow":["GET"]}}],"collection":[{"href":"https:\/\/credo-pr.ch\/de\/wp-json\/wp\/v2\/pages"}],"about":[{"href":"https:\/\/credo-pr.ch\/de\/wp-json\/wp\/v2\/types\/page"}],"author":[{"embeddable":true,"href":"https:\/\/credo-pr.ch\/de\/wp-json\/wp\/v2\/users\/1"}],"replies":[{"embeddable":true,"href":"https:\/\/credo-pr.ch\/de\/wp-json\/wp\/v2\/comments?post=1170"}],"version-history":[{"count":1,"href":"https:\/\/credo-pr.ch\/de\/wp-json\/wp\/v2\/pages\/1170\/revisions"}],"predecessor-version":[{"id":1171,"href":"https:\/\/credo-pr.ch\/de\/wp-json\/wp\/v2\/pages\/1170\/revisions\/1171"}],"wp:featuredmedia":[{"embeddable":true,"href":"https:\/\/credo-pr.ch\/de\/wp-json\/wp\/v2\/media\/986"}],"wp:attachment":[{"href":"https:\/\/credo-pr.ch\/de\/wp-json\/wp\/v2\/media?parent=1170"}],"curies":[{"name":"wp","href":"https:\/\/api.w.org\/{rel}","templated":true}]}}